{"id":2,"date":"2025-10-27T15:07:57","date_gmt":"2025-10-27T15:07:57","guid":{"rendered":"http:\/\/akb-construction.com\/?page_id=2"},"modified":"2025-11-12T20:01:07","modified_gmt":"2025-11-12T20:01:07","slug":"sikfailu-politika","status":"publish","type":"page","link":"https:\/\/akb-construction.com\/lv\/sikfailu-politika\/","title":{"rendered":"S\u012bkdat\u0146u politika"},"content":{"rendered":"<div id=\"fws_69e2cd4be4fc8\"  data-column-margin=\"default\" data-midnight=\"dark\"  class=\"wpb_row vc_row-fluid vc_row\"  style=\"padding-top: 0px; padding-bottom: 0px; \"><div class=\"row-bg-wrap\" data-bg-animation=\"none\" data-bg-animation-delay=\"\" data-bg-overlay=\"false\"><div class=\"inner-wrap row-bg-layer\" ><div class=\"row-bg viewport-desktop\"  style=\"\"><\/div><\/div><\/div><div class=\"row_col_wrap_12 col span_12 dark left\">\n\t<div  class=\"vc_col-sm-12 wpb_column column_container vc_column_container col no-extra-padding inherit_tablet inherit_phone\"  data-padding-pos=\"all\" data-has-bg-color=\"false\" data-bg-color=\"\" data-bg-opacity=\"1\" data-animation=\"\" data-delay=\"0\" >\n\t\t<div class=\"vc_column-inner\" >\n\t\t\t<div class=\"wpb_wrapper\">\n\t\t\t\t\n<div class=\"wpb_text_column wpb_content_element\" >\n\t<div class=\"wpb_wrapper\">\n\t\t<h1 class=\"moze-justify\">S\u012bkdat\u0146u politika<\/h1>\n<p class=\"moze-justify\">\u201cS\u012bkdatnes\u201d ir s\u012bka apjoma inform\u0101cija, kuras interneta vietne saglab\u0101 J\u016bsu dator\u0101 vai mobilaj\u0101 ier\u012bc\u0113, kad J\u016bs apmekl\u0113jat interneta vietni. T\u0101 \u013cauj serverim apkopot inform\u0101ciju no J\u016bsu p\u0101rl\u016bka, t\u0101d\u0113j\u0101di Jums vienm\u0113r nav dati j\u0101ievada no jauna, kad J\u016bs atgrie\u017eaties interneta vietn\u0113. Vair\u0101k inform\u0101cijas par to, k\u0101 darbojas s\u012bkdatnes, ir pieejama interneta vietn\u0113 <a href=\"http:\/\/cookiecentral.com\/\">cookiecentral.com<\/a>.<\/p>\n<h3 class=\"moze-justify\">S\u012bkdat\u0146u izmanto\u0161ana<\/h3>\n<p class=\"moze-justify\">M\u016bsu interneta vietne izmanto s\u012bkdatnes, lai uzlabotu pied\u0101v\u0101to pakalpojumu kvalit\u0101ti. M\u0113s izmantojam sesijas s\u012bkdatnes, past\u0101v\u012bg\u0101s s\u012bkdatnes un tre\u0161\u0101s puses (partneru) s\u012bkdatnes, lai:<\/p>\n<ul>\n<li>atcer\u0113tos J\u016bsu ier\u012bces ekr\u0101na uzst\u0101d\u012bjumus;<\/li>\n<li>atcer\u0113tos J\u016bsu veikt\u0101s darb\u012bbas vietn\u0113 (t\u0101d\u0113j\u0101di Jums nel\u016bdzot to dar\u012bt atkal);<\/li>\n<li>atcer\u0113tos, vai J\u016bs esat sniedzis piekri\u0161anu m\u016bsu s\u012bkdat\u0146u lieto\u0161anai \u0161aj\u0101 interneta vietn\u0113;<\/li>\n<li>nos\u016bt\u012btu rekl\u0101mu, kas vislab\u0101k atbilst J\u016bsu interes\u0113m, ierobe\u017eotu to, cik rei\u017eu J\u016bs redzat rekl\u0101mu, un lai pal\u012bdz\u0113tu izm\u0113r\u012bt rekl\u0101mas kampa\u0146as efektivit\u0101ti;<\/li>\n<li>apkopotu uzticamu vietnes lieto\u0161anas inform\u0101ciju, kas \u013cautu mums izm\u0113r\u012bt, cik prec\u012bzi vietne atbilst t\u0101s lietot\u0101ju vajadz\u012bb\u0101m.<\/li>\n<\/ul>\n<p class=\"moze-justify\">\u0160o s\u012bkdat\u0146u iesp\u0113jo\u0161ana nav oblig\u0101ti nepiecie\u0161ama interneta vietnes galveno funkciju veik\u0161anai, bet t\u0101 nodro\u0161in\u0101s Jums lab\u0101ku p\u0101rl\u016bko\u0161anas pieredzi. J\u016bs varat izdz\u0113st vai blo\u0137\u0113t \u0161\u012bs s\u012bkdatnes jebkur\u0101 br\u012bd\u012b, bet, ja J\u016bs to dar\u012bsiet, da\u017eas interneta vietnes iesp\u0113jas var nedarboties tik labi, k\u0101 paredz\u0113ts.<\/p>\n<p class=\"moze-justify\">L\u016bdzu, \u0146emiet v\u0113r\u0101, ka da\u017eas s\u012bkdatnes var ievietot tre\u0161\u0101s puses pakalpojumu sniedz\u0113js, kas veic atsevi\u0161\u0137as funkcijas m\u016bsu vajadz\u012bb\u0101m.<\/p>\n<h3 class=\"moze-justify\">Personas dati un to nodo\u0161ana<\/h3>\n<p class=\"moze-justify\">Ar s\u012bkdatn\u0113m saist\u012bt\u0101 inform\u0101cija netiek lietota, lai identific\u0113tu J\u016bs person\u012bgi, un apkopotie dati tiek glab\u0101ti m\u016bsu kontrol\u0113. \u0160\u012bs s\u012bkdatnes netiek izmantotas nek\u0101diem citiem nol\u016bkiem, k\u0101 tikai tiem, kas \u0161eit ir aprakst\u012bti.<\/p>\n<h3 class=\"moze-justify\">S\u012bkdat\u0146u kontrol\u0113\u0161ana<\/h3>\n<p class=\"moze-justify\">J\u016bs varat kontrol\u0113t un\/vai izdz\u0113st s\u012bkdatnes, ja to v\u0113laties. J\u016bs varat izdz\u0113st vai blo\u0137\u0113t visas s\u012bkdatnes, kas jau ir J\u016bsu dator\u0101, bet, ja J\u016bs to dar\u012bsiet, atsevi\u0161\u0137as \u0161\u012bs vietnes iesp\u0113jas var nedarboties t\u0101, k\u0101 paredz\u0113ts, un Jums var n\u0101kties manu\u0101li piel\u0101got atsevi\u0161\u0137as izv\u0113les katru reizi, kad J\u016bs apmekl\u0113siet vietni.<\/p>\n<p class=\"moze-justify\">J\u016bs varat piekrist s\u012bkdat\u0146u izmanto\u0161anai \u0161aj\u0101 vietn\u0113 vai atteikties un p\u0101rtraukt izmantot \u0161o vietni.<\/p>\n<p class=\"moze-justify\">M\u0113s sadarbojamies ar tre\u0161\u0101m pus\u0113m, lai apkopotu J\u016bsu darb\u012bbas m\u016bsu interneta vietn\u0113, lai uzlabotu m\u016bsu m\u0101rketinga pas\u0101kumus un nodro\u0161in\u0101tu J\u016bs ar rekl\u0101mu, pamatojoties uz J\u016bsu apmekl\u0113jumu m\u016bsu interneta vietn\u0113.<\/p>\n<p class=\"moze-justify\">J\u016bs varat izv\u0113l\u0113ties, lai J\u016bsu inform\u0101cija tiktu apkopota un izmantota rem\u0101rketinga nol\u016bkos, turpinot izmantot \u0161o vietni, vai J\u016bs varat nepiekrist tam un p\u0101rst\u0101t izmantot \u0161o vietni.<\/p>\n<h3 class=\"moze-justify\">Personisk\u0101s inform\u0101cijas kop\u012bgo\u0161ana<\/h3>\n<p class=\"moze-justify\">J\u016bsu personisko inform\u0101ciju, klientu inform\u0101ciju vai biznesa inform\u0101ciju m\u0113s varam padar\u012bt pieejamu sabiedr\u012bb\u0101m, kas nodro\u0161ina pakalpojumus, pal\u012bdzot mums uz\u0146\u0113m\u0113jdarb\u012bb\u0101, piem\u0113ram, ar interneta viet\u0146u anal\u012btikas vai klientu apkalpo\u0161anas nodro\u0161in\u0101\u0161anu. \u0160\u012bs sabiedr\u012bbas ir pilnvarotas izmantot J\u016bsu personisko inform\u0101ciju, klientu inform\u0101ciju tikai tikt\u0101l, cik tas ir nepiecie\u0161ams, lai sniegtu mums \u0161os pakalpojumus.<\/p>\n<p class=\"moze-justify\">M\u0113s kop\u012bgosim J\u016bsu personisko inform\u0101ciju, klientu vai biznesa inform\u0101ciju ar tre\u0161\u0101m pus\u0113m tikai t\u0101d\u0101 veid\u0101, k\u0101ds ir aprakst\u012bts \u0161aj\u0101 Priv\u0101tuma politik\u0101. M\u0113s nek\u0101d\u0101 veid\u0101 netirgosim J\u016bsu personisko inform\u0101ciju tre\u0161aj\u0101m pus\u0113m.<\/p>\n<p>&nbsp;<\/p>\n\t<\/div>\n<\/div>\n\n\n\n\n\t\t\t<\/div> \n\t\t<\/div>\n\t<\/div> \n<\/div><\/div>","protected":false},"excerpt":{"rendered":"Cookie policy \u201cCookies\u201d are small pieces of information that a website stores on your computer or mobile device when you visit a website. It allows the server to collect information...","protected":false},"author":1,"featured_media":0,"parent":0,"menu_order":0,"comment_status":"closed","ping_status":"open","template":"","meta":{"footnotes":""},"class_list":["post-2","page","type-page","status-publish"],"yoast_head":"<!-- This site is optimized with the Yoast SEO plugin v26.4 - https:\/\/yoast.com\/wordpress\/plugins\/seo\/ -->\n<title>Cookie Policy - akb-construction<\/title>\n<meta name=\"robots\" content=\"index, follow, max-snippet:-1, max-image-preview:large, max-video-preview:-1\" \/>\n<link rel=\"canonical\" href=\"https:\/\/akb-construction.com\/lv\/sikfailu-politika\/\" \/>\n<meta property=\"og:locale\" content=\"lv_LV\" \/>\n<meta property=\"og:type\" content=\"article\" \/>\n<meta property=\"og:title\" content=\"Cookie Policy - akb-construction\" \/>\n<meta property=\"og:url\" content=\"https:\/\/akb-construction.com\/lv\/sikfailu-politika\/\" \/>\n<meta property=\"og:site_name\" content=\"akb-construction\" \/>\n<meta property=\"article:modified_time\" content=\"2025-11-12T20:01:07+00:00\" \/>\n<meta name=\"twitter:card\" content=\"summary_large_image\" \/>\n<meta name=\"twitter:label1\" content=\"Est. reading time\" \/>\n\t<meta name=\"twitter:data1\" content=\"3 min\u016btes\" \/>\n<script type=\"application\/ld+json\" class=\"yoast-schema-graph\">{\"@context\":\"https:\/\/schema.org\",\"@graph\":[{\"@type\":\"WebPage\",\"@id\":\"https:\/\/akb-construction.com\/cookie-policy\/\",\"url\":\"https:\/\/akb-construction.com\/cookie-policy\/\",\"name\":\"Cookie Policy - akb-construction\",\"isPartOf\":{\"@id\":\"https:\/\/akb-construction.com\/#website\"},\"datePublished\":\"2025-10-27T15:07:57+00:00\",\"dateModified\":\"2025-11-12T20:01:07+00:00\",\"breadcrumb\":{\"@id\":\"https:\/\/akb-construction.com\/cookie-policy\/#breadcrumb\"},\"inLanguage\":\"lv-LV\",\"potentialAction\":[{\"@type\":\"ReadAction\",\"target\":[\"https:\/\/akb-construction.com\/cookie-policy\/\"]}]},{\"@type\":\"BreadcrumbList\",\"@id\":\"https:\/\/akb-construction.com\/cookie-policy\/#breadcrumb\",\"itemListElement\":[{\"@type\":\"ListItem\",\"position\":1,\"name\":\"Home\",\"item\":\"https:\/\/akb-construction.com\/\"},{\"@type\":\"ListItem\",\"position\":2,\"name\":\"Cookie Policy\"}]},{\"@type\":\"WebSite\",\"@id\":\"https:\/\/akb-construction.com\/#website\",\"url\":\"https:\/\/akb-construction.com\/\",\"name\":\"akb-construction.com\",\"description\":\"International Tiling Services Company\",\"publisher\":{\"@id\":\"https:\/\/akb-construction.com\/#organization\"},\"potentialAction\":[{\"@type\":\"SearchAction\",\"target\":{\"@type\":\"EntryPoint\",\"urlTemplate\":\"https:\/\/akb-construction.com\/?s={search_term_string}\"},\"query-input\":{\"@type\":\"PropertyValueSpecification\",\"valueRequired\":true,\"valueName\":\"search_term_string\"}}],\"inLanguage\":\"lv-LV\"},{\"@type\":\"Organization\",\"@id\":\"https:\/\/akb-construction.com\/#organization\",\"name\":\"akb-construction.com\",\"alternateName\":\"akb construction\",\"url\":\"https:\/\/akb-construction.com\/\",\"logo\":{\"@type\":\"ImageObject\",\"inLanguage\":\"lv-LV\",\"@id\":\"https:\/\/akb-construction.com\/#\/schema\/logo\/image\/\",\"url\":\"https:\/\/akb-construction.com\/wp-content\/uploads\/2025\/10\/AKB-CONSTRUCTION-logo-on-white.png\",\"contentUrl\":\"https:\/\/akb-construction.com\/wp-content\/uploads\/2025\/10\/AKB-CONSTRUCTION-logo-on-white.png\",\"width\":1281,\"height\":568,\"caption\":\"akb-construction.com\"},\"image\":{\"@id\":\"https:\/\/akb-construction.com\/#\/schema\/logo\/image\/\"}}]}<\/script>\n<!-- \/ Yoast SEO plugin. -->","yoast_head_json":{"title":"S\u012bkfailu politika - akb-construction","robots":{"index":"index","follow":"follow","max-snippet":"max-snippet:-1","max-image-preview":"max-image-preview:large","max-video-preview":"max-video-preview:-1"},"canonical":"https:\/\/akb-construction.com\/lv\/sikfailu-politika\/","og_locale":"lv_LV","og_type":"article","og_title":"Cookie Policy - akb-construction","og_url":"https:\/\/akb-construction.com\/lv\/sikfailu-politika\/","og_site_name":"akb-construction","article_modified_time":"2025-11-12T20:01:07+00:00","twitter_card":"summary_large_image","twitter_misc":{"Est. reading time":"3 min\u016btes"},"schema":{"@context":"https:\/\/schema.org","@graph":[{"@type":"WebPage","@id":"https:\/\/akb-construction.com\/cookie-policy\/","url":"https:\/\/akb-construction.com\/cookie-policy\/","name":"S\u012bkfailu politika - akb-construction","isPartOf":{"@id":"https:\/\/akb-construction.com\/#website"},"datePublished":"2025-10-27T15:07:57+00:00","dateModified":"2025-11-12T20:01:07+00:00","breadcrumb":{"@id":"https:\/\/akb-construction.com\/cookie-policy\/#breadcrumb"},"inLanguage":"lv-LV","potentialAction":[{"@type":"ReadAction","target":["https:\/\/akb-construction.com\/cookie-policy\/"]}]},{"@type":"BreadcrumbList","@id":"https:\/\/akb-construction.com\/cookie-policy\/#breadcrumb","itemListElement":[{"@type":"ListItem","position":1,"name":"Home","item":"https:\/\/akb-construction.com\/"},{"@type":"ListItem","position":2,"name":"Cookie Policy"}]},{"@type":"WebSite","@id":"https:\/\/akb-construction.com\/#website","url":"https:\/\/akb-construction.com\/","name":"akb-construction.com","description":"Starptautisks fl\u012bz\u0113\u0161anas pakalpojumu uz\u0146\u0113mums","publisher":{"@id":"https:\/\/akb-construction.com\/#organization"},"potentialAction":[{"@type":"SearchAction","target":{"@type":"EntryPoint","urlTemplate":"https:\/\/akb-construction.com\/?s={search_term_string}"},"query-input":{"@type":"PropertyValueSpecification","valueRequired":true,"valueName":"search_term_string"}}],"inLanguage":"lv-LV"},{"@type":"Organization","@id":"https:\/\/akb-construction.com\/#organization","name":"akb-construction.com","alternateName":"akb construction","url":"https:\/\/akb-construction.com\/","logo":{"@type":"ImageObject","inLanguage":"lv-LV","@id":"https:\/\/akb-construction.com\/#\/schema\/logo\/image\/","url":"https:\/\/akb-construction.com\/wp-content\/uploads\/2025\/10\/AKB-CONSTRUCTION-logo-on-white.png","contentUrl":"https:\/\/akb-construction.com\/wp-content\/uploads\/2025\/10\/AKB-CONSTRUCTION-logo-on-white.png","width":1281,"height":568,"caption":"akb-construction.com"},"image":{"@id":"https:\/\/akb-construction.com\/#\/schema\/logo\/image\/"}}]}},"_links":{"self":[{"href":"https:\/\/akb-construction.com\/lv\/wp-json\/wp\/v2\/pages\/2","targetHints":{"allow":["GET"]}}],"collection":[{"href":"https:\/\/akb-construction.com\/lv\/wp-json\/wp\/v2\/pages"}],"about":[{"href":"https:\/\/akb-construction.com\/lv\/wp-json\/wp\/v2\/types\/page"}],"author":[{"embeddable":true,"href":"https:\/\/akb-construction.com\/lv\/wp-json\/wp\/v2\/users\/1"}],"replies":[{"embeddable":true,"href":"https:\/\/akb-construction.com\/lv\/wp-json\/wp\/v2\/comments?post=2"}],"version-history":[{"count":3,"href":"https:\/\/akb-construction.com\/lv\/wp-json\/wp\/v2\/pages\/2\/revisions"}],"predecessor-version":[{"id":486,"href":"https:\/\/akb-construction.com\/lv\/wp-json\/wp\/v2\/pages\/2\/revisions\/486"}],"wp:attachment":[{"href":"https:\/\/akb-construction.com\/lv\/wp-json\/wp\/v2\/media?parent=2"}],"curies":[{"name":"wp","href":"https:\/\/api.w.org\/{rel}","templated":true}]}}