{"id":3,"date":"2025-10-27T15:07:57","date_gmt":"2025-10-27T15:07:57","guid":{"rendered":"http:\/\/akb-construction.com\/?page_id=3"},"modified":"2025-11-12T20:01:34","modified_gmt":"2025-11-12T20:01:34","slug":"privatuma-politika","status":"publish","type":"page","link":"https:\/\/akb-construction.com\/lv\/privatuma-politika\/","title":{"rendered":"Priv\u0101tuma politika"},"content":{"rendered":"<div id=\"fws_69e2c6516c780\"  data-column-margin=\"default\" data-midnight=\"dark\"  class=\"wpb_row vc_row-fluid vc_row\"  style=\"padding-top: 0px; padding-bottom: 0px; \"><div class=\"row-bg-wrap\" data-bg-animation=\"none\" data-bg-animation-delay=\"\" data-bg-overlay=\"false\"><div class=\"inner-wrap row-bg-layer\" ><div class=\"row-bg viewport-desktop\"  style=\"\"><\/div><\/div><\/div><div class=\"row_col_wrap_12 col span_12 dark left\">\n\t<div  class=\"vc_col-sm-12 wpb_column column_container vc_column_container col no-extra-padding inherit_tablet inherit_phone\"  data-padding-pos=\"all\" data-has-bg-color=\"false\" data-bg-color=\"\" data-bg-opacity=\"1\" data-animation=\"\" data-delay=\"0\" >\n\t\t<div class=\"vc_column-inner\" >\n\t\t\t<div class=\"wpb_wrapper\">\n\t\t\t\t\n<div class=\"wpb_text_column wpb_content_element\" >\n\t<div class=\"wpb_wrapper\">\n\t\t<h1><strong>Priv\u0101tuma politika<\/strong><\/h1>\n\t<\/div>\n<\/div>\n\n\n\n\n<div class=\"wpb_text_column wpb_content_element\" >\n\t<div class=\"wpb_wrapper\">\n\t\t<p class=\"moze-justify\">\u0160\u012b priv\u0101tuma politika izskaidro m\u016bsu datu apstr\u0101des pa\u0146\u0113mienus un J\u016bsu iesp\u0113jas attiec\u012bb\u0101 uz to, k\u0101d\u0101 veid\u0101 J\u016bsu personas dati tiek apkopoti un izmantoti. Vietne akb-construction.com pieder un ar to oper\u0113, p\u0101rvalda un vada uz\u0146\u0113mums SIA \u201cAKB CONSTRUCTION\u201d, vienotais re\u0123. nr. 40203284593, juridisk\u0101 adrese: <span class=\"d-block col-md-8\"><span class=\"txt_special\">Siguldas nov., Sigulda, Helma\u0146a iela 1 - 24, LV-2150<\/span><\/span><\/p>\n<h3 class=\"moze-justify wp-block-heading\">Personas datu aizsardz\u012bba<\/h3>\n<p class=\"moze-justify\">Priv\u0101tuma politika attiec\u012bb\u0101 uz personas datu aizsardz\u012bbu pamatojas uz 2016. gada 27.apr\u012b\u013ca<a href=\"https:\/\/eur-lex.europa.eu\/legal-content\/LV\/TXT\/PDF\/?uri=CELEX:32016R0679\"> Eiropas Parlamenta un Padomes Regulu (ES) Nr.2016\/679<\/a> (turpm\u0101k tekst\u0101 \u2013 Regula).<\/p>\n<h3 class=\"moze-justify\">Datu apkopo\u0161ana, uzglab\u0101\u0161ana un apstr\u0101d\u0101\u0161ana<\/h3>\n<p class=\"moze-justify\">Dati tiek apkopoti, lai:<\/p>\n<ul>\n<li>\u013cautu mums sniegt pakalpojumu;<\/li>\n<li>\u013cautu Jums pieteikties uz da\u017e\u0101diem m\u016bsu organiz\u0113tajiem pas\u0101kumiem;<\/li>\n<li>\u013cautu mums izstr\u0101d\u0101t arvien jaunus produktus un pakalpojumus;<\/li>\n<li>\u013cautu mums atbild\u0113t uz J\u016bsu jaut\u0101jumiem vai iebildumiem;<\/li>\n<li>sagatavotu anon\u012bmu statistiku par interneta vietnes lieto\u0161anu;<\/li>\n<li>analiz\u0113tu m\u016bsu klientu raksturlielumus, lai izmantotu tos m\u0101rketinga komunik\u0101cijas vajadz\u012bb\u0101m.<\/li>\n<\/ul>\n<p class=\"moze-justify\">Apkopotie personas dati tiek apstr\u0101d\u0101ti saska\u0146\u0101 ar politiku, kas ir aprakst\u012bta Regul\u0101.<\/p>\n<p class=\"moze-justify\">AKB-construction.com p\u0101rvald\u012bt\u0101ji datus lietos tikai iepriek\u0161 min\u0113to m\u0113r\u0137u nol\u016bk\u0101 un lai uzlabotu pakalpojumu kvalit\u0101ti.<\/p>\n<h3 class=\"moze-justify\">Atbild\u012bba par datu apstr\u0101di<\/h3>\n<p class=\"moze-justify\">Ja Jums rodas jaut\u0101jumi par J\u016bsu personas datu apstr\u0101di, s\u016btiet e-pastu uz arnis@akb-construction.com.<\/p>\n<p class=\"moze-justify\">AKB-construction.com p\u0101rvald\u012bt\u0101ji, kuriem ir pieeja personu identific\u0113jo\u0161ai inform\u0101cijai, tiek piepras\u012bta \u0161\u012bs inform\u0101cijas aizsardz\u012bbas nodro\u0161in\u0101\u0161ana saska\u0146\u0101 ar \u0161o priv\u0101tuma politiku, piem\u0113ram, neizmantot inform\u0101ciju citiem m\u0113r\u0137iem, k\u0101 tikai pakalpojumu, kas ir nepiecie\u0161ami klientam, snieg\u0161anai.<\/p>\n<p class=\"moze-justify\">Tikai attiec\u012bgi pilnvaroti AKB-construction.com p\u0101rvald\u012bt\u0101ji var piek\u013c\u016bt datiem, autoriz\u0113joties ar savu paroli.<\/p>\n<h3 class=\"moze-justify\">Datu apstr\u0101d\u0101t\u0101js, kas ir atbild\u012bgs par \u0161o datu apstr\u0101di:<\/h3>\n<ul>\n<li>pakalpojumu snieg\u0161anas nol\u016bk\u0101 ir: SIA \u201cAKB CONSTRUCTION\u201d, vienotais re\u0123. nr. 40203284593, juridisk\u0101 adrese: <span class=\"d-block col-md-8\"><span class=\"txt_special\">Siguldas nov., Sigulda, Helma\u0146a iela 1 - 24, LV-2150<\/span><\/span><\/li>\n<li>m\u0101rketinga nol\u016bk\u0101, ir uzticamas sabiedr\u012bbas, kas nodro\u0161ina m\u0101rketinga instrumentus un ar kur\u0101m mums ir nosl\u0113gti l\u012bgumi.<\/li>\n<\/ul>\n<h3 class=\"moze-justify\">Dati, kas tiek apkopoti:<\/h3>\n<ul>\n<li>re\u0123istr\u0101cijas, pieteikumu un ar\u012b cenu piepras\u012bjuma anket\u0101s \u2013 iesniedz\u0113ja nosaukums un e-pasta adrese un jebkura cita inform\u0101cija, kas ir iek\u013cauta anket\u0101.<\/li>\n<li>vakan\u010du pieteikumos \u2013 v\u0101rds, uzv\u0101rds, e-pasts, t\u0101lru\u0146a numurs un jebkura cita inform\u0101cija, kas ir iek\u013cauta CV vai citos pievienotajos dokumentos.<\/li>\n<li>kontakti \u2013 iesniedz\u0113ja nosaukums un e-pasta adrese un jebkura cita inform\u0101cija, kas ir iek\u013cauta kontaktu form\u0101.<\/li>\n<li>datu uzglab\u0101\u0161anas laiks.<\/li>\n<\/ul>\n<p class=\"moze-justify\">M\u0113s glab\u0101sim personisko inform\u0101ciju, klienta un biznesa inform\u0101ciju tik ilgi, cik nepiecie\u0161ams, lai:<\/p>\n<ul>\n<li>nodro\u0161in\u0101tu pakalpojumus un inform\u0101ciju, kurus J\u016bs vai J\u016bsu uz\u0146\u0113mums esat piepras\u012bju\u0161i;<\/li>\n<li>sazin\u0101tos ar Jums par piepras\u012bjumu, kuru J\u016bs mums esat iesniedzis.<\/li>\n<li>iesp\u0113ja piek\u013c\u016bt saviem datiem, p\u0101rbaud\u012bt to pareiz\u012bbu un izlabot tos.<\/li>\n<\/ul>\n<p class=\"moze-justify\">Jums ir ties\u012bbas piepras\u012bt J\u016bsu personas datu kopiju, p\u0101rbaud\u012bt glab\u0101t\u0101s inform\u0101cijas pareiz\u012bbu un\/vai labot vai atjaunin\u0101t \u0161o inform\u0101ciju. J\u016bs varat ar\u012b l\u016bgt piln\u012bb\u0101 izdz\u0113st J\u016bsu personisko inform\u0101ciju, ja \u0161obr\u012bd Jums nav akt\u012bvu piepras\u012bjumu.<\/p>\n<p class=\"moze-justify\">M\u0113s pieliksim visas komerci\u0101li pamatotas p\u016bles, lai nodro\u0161in\u0101tu J\u016bs ar atbilsto\u0161u piek\u013cuvi jebk\u0101dai J\u016bsu personiskajai inform\u0101cijai, kuru m\u0113s glab\u0101jam 30 dienas no J\u016bsu piek\u013cuves piepras\u012bjuma.<\/p>\n<p class=\"moze-justify\">Lai aizsarg\u0101tu J\u016bsu priv\u0101tumu un dro\u0161\u012bbu, m\u0113s veiksim atbilsto\u0161us pas\u0101kumus, lai p\u0101rbaud\u012btu J\u016bsu identit\u0101ti pirms inform\u0101cijas izsnieg\u0161anas par J\u016bsu piepras\u012btajiem personiskajiem datiem.<\/p>\n<h3 class=\"moze-justify\">Jaut\u0101jumu vai s\u016bdz\u012bbu gad\u012bjum\u0101<\/h3>\n<p class=\"moze-justify\">Ja v\u0113laties piek\u013c\u016bt, dz\u0113st (atsevi\u0161\u0137os gad\u012bjumos) vai labot J\u016bsu personisko inform\u0101ciju, l\u016bdzam sazin\u0101ties ar datu p\u0101rzini, kur\u0161 ir atbild\u012bgs par \u0161o datu apstr\u0101di (e-pasta adrese: arnis@akb-construction.com).<\/p>\n<p class=\"moze-justify\">S\u016bdz\u012bbu gad\u012bjum\u0101 rakstiet datu aizsardz\u012bbas amatpersonai (e-pasta adrese: arnis@akb-construction.com).<\/p>\n<p class=\"moze-justify\">Ja J\u016bs iesniegsiet ar priv\u0101tumu saist\u012btu s\u016bdz\u012bbu, m\u0113s re\u0123istr\u0113sim J\u016bsu v\u0101rdu un\/vai sabiedr\u012bbas nosaukumu, ar s\u016bdz\u012bbu saist\u012bt\u0101s personas v\u0101rdu, e-pastu un valsts atra\u0161an\u0101s vietu, un inform\u0101ciju, kas ir bijusi s\u016bdz\u012bbas pamat\u0101. M\u0113s izmantosim inform\u0101ciju, kuru J\u016bs sniegsiet, lai izskat\u012btu J\u016bsu s\u016bdz\u012bbu un nos\u016bt\u012btu Jums atbildi, tikl\u012bdz J\u016bsu s\u016bdz\u012bba b\u016bs izskat\u012bta.<\/p>\n\t<\/div>\n<\/div>\n\n\n\n\n\t\t\t<\/div> \n\t\t<\/div>\n\t<\/div> \n<\/div><\/div>","protected":false},"excerpt":{"rendered":"Privacy Policy This privacy policy explains our data processing methods and your options regarding how your personal data is collected and used. The website akb-construction.com is owned, operated, and managed...","protected":false},"author":1,"featured_media":0,"parent":0,"menu_order":0,"comment_status":"closed","ping_status":"open","template":"","meta":{"footnotes":""},"class_list":["post-3","page","type-page","status-publish"],"yoast_head":"<!-- This site is optimized with the Yoast SEO plugin v26.4 - https:\/\/yoast.com\/wordpress\/plugins\/seo\/ -->\n<title>Privacy Policy - akb-construction<\/title>\n<meta name=\"robots\" content=\"index, follow, max-snippet:-1, max-image-preview:large, max-video-preview:-1\" \/>\n<link rel=\"canonical\" href=\"https:\/\/akb-construction.com\/lv\/privatuma-politika\/\" \/>\n<meta property=\"og:locale\" content=\"lv_LV\" \/>\n<meta property=\"og:type\" content=\"article\" \/>\n<meta property=\"og:title\" content=\"Privacy Policy - akb-construction\" \/>\n<meta property=\"og:url\" content=\"https:\/\/akb-construction.com\/lv\/privatuma-politika\/\" \/>\n<meta property=\"og:site_name\" content=\"akb-construction\" \/>\n<meta property=\"article:modified_time\" content=\"2025-11-12T20:01:34+00:00\" \/>\n<meta name=\"twitter:card\" content=\"summary_large_image\" \/>\n<meta name=\"twitter:label1\" content=\"Est. reading time\" \/>\n\t<meta name=\"twitter:data1\" content=\"4 min\u016btes\" \/>\n<script type=\"application\/ld+json\" class=\"yoast-schema-graph\">{\"@context\":\"https:\/\/schema.org\",\"@graph\":[{\"@type\":\"WebPage\",\"@id\":\"https:\/\/akb-construction.com\/privacy-policy\/\",\"url\":\"https:\/\/akb-construction.com\/privacy-policy\/\",\"name\":\"Privacy Policy - akb-construction\",\"isPartOf\":{\"@id\":\"https:\/\/akb-construction.com\/#website\"},\"datePublished\":\"2025-10-27T15:07:57+00:00\",\"dateModified\":\"2025-11-12T20:01:34+00:00\",\"breadcrumb\":{\"@id\":\"https:\/\/akb-construction.com\/privacy-policy\/#breadcrumb\"},\"inLanguage\":\"lv-LV\",\"potentialAction\":[{\"@type\":\"ReadAction\",\"target\":[\"https:\/\/akb-construction.com\/privacy-policy\/\"]}]},{\"@type\":\"BreadcrumbList\",\"@id\":\"https:\/\/akb-construction.com\/privacy-policy\/#breadcrumb\",\"itemListElement\":[{\"@type\":\"ListItem\",\"position\":1,\"name\":\"Home\",\"item\":\"https:\/\/akb-construction.com\/\"},{\"@type\":\"ListItem\",\"position\":2,\"name\":\"Privacy Policy\"}]},{\"@type\":\"WebSite\",\"@id\":\"https:\/\/akb-construction.com\/#website\",\"url\":\"https:\/\/akb-construction.com\/\",\"name\":\"akb-construction.com\",\"description\":\"International Tiling Services Company\",\"publisher\":{\"@id\":\"https:\/\/akb-construction.com\/#organization\"},\"potentialAction\":[{\"@type\":\"SearchAction\",\"target\":{\"@type\":\"EntryPoint\",\"urlTemplate\":\"https:\/\/akb-construction.com\/?s={search_term_string}\"},\"query-input\":{\"@type\":\"PropertyValueSpecification\",\"valueRequired\":true,\"valueName\":\"search_term_string\"}}],\"inLanguage\":\"lv-LV\"},{\"@type\":\"Organization\",\"@id\":\"https:\/\/akb-construction.com\/#organization\",\"name\":\"akb-construction.com\",\"alternateName\":\"akb construction\",\"url\":\"https:\/\/akb-construction.com\/\",\"logo\":{\"@type\":\"ImageObject\",\"inLanguage\":\"lv-LV\",\"@id\":\"https:\/\/akb-construction.com\/#\/schema\/logo\/image\/\",\"url\":\"https:\/\/akb-construction.com\/wp-content\/uploads\/2025\/10\/AKB-CONSTRUCTION-logo-on-white.png\",\"contentUrl\":\"https:\/\/akb-construction.com\/wp-content\/uploads\/2025\/10\/AKB-CONSTRUCTION-logo-on-white.png\",\"width\":1281,\"height\":568,\"caption\":\"akb-construction.com\"},\"image\":{\"@id\":\"https:\/\/akb-construction.com\/#\/schema\/logo\/image\/\"}}]}<\/script>\n<!-- \/ Yoast SEO plugin. -->","yoast_head_json":{"title":"Priv\u0101tuma politika - akb-construction","robots":{"index":"index","follow":"follow","max-snippet":"max-snippet:-1","max-image-preview":"max-image-preview:large","max-video-preview":"max-video-preview:-1"},"canonical":"https:\/\/akb-construction.com\/lv\/privatuma-politika\/","og_locale":"lv_LV","og_type":"article","og_title":"Privacy Policy - akb-construction","og_url":"https:\/\/akb-construction.com\/lv\/privatuma-politika\/","og_site_name":"akb-construction","article_modified_time":"2025-11-12T20:01:34+00:00","twitter_card":"summary_large_image","twitter_misc":{"Est. reading time":"4 min\u016btes"},"schema":{"@context":"https:\/\/schema.org","@graph":[{"@type":"WebPage","@id":"https:\/\/akb-construction.com\/privacy-policy\/","url":"https:\/\/akb-construction.com\/privacy-policy\/","name":"Priv\u0101tuma politika - akb-construction","isPartOf":{"@id":"https:\/\/akb-construction.com\/#website"},"datePublished":"2025-10-27T15:07:57+00:00","dateModified":"2025-11-12T20:01:34+00:00","breadcrumb":{"@id":"https:\/\/akb-construction.com\/privacy-policy\/#breadcrumb"},"inLanguage":"lv-LV","potentialAction":[{"@type":"ReadAction","target":["https:\/\/akb-construction.com\/privacy-policy\/"]}]},{"@type":"BreadcrumbList","@id":"https:\/\/akb-construction.com\/privacy-policy\/#breadcrumb","itemListElement":[{"@type":"ListItem","position":1,"name":"Home","item":"https:\/\/akb-construction.com\/"},{"@type":"ListItem","position":2,"name":"Privacy Policy"}]},{"@type":"WebSite","@id":"https:\/\/akb-construction.com\/#website","url":"https:\/\/akb-construction.com\/","name":"akb-construction.com","description":"Starptautisks fl\u012bz\u0113\u0161anas pakalpojumu uz\u0146\u0113mums","publisher":{"@id":"https:\/\/akb-construction.com\/#organization"},"potentialAction":[{"@type":"SearchAction","target":{"@type":"EntryPoint","urlTemplate":"https:\/\/akb-construction.com\/?s={search_term_string}"},"query-input":{"@type":"PropertyValueSpecification","valueRequired":true,"valueName":"search_term_string"}}],"inLanguage":"lv-LV"},{"@type":"Organization","@id":"https:\/\/akb-construction.com\/#organization","name":"akb-construction.com","alternateName":"akb construction","url":"https:\/\/akb-construction.com\/","logo":{"@type":"ImageObject","inLanguage":"lv-LV","@id":"https:\/\/akb-construction.com\/#\/schema\/logo\/image\/","url":"https:\/\/akb-construction.com\/wp-content\/uploads\/2025\/10\/AKB-CONSTRUCTION-logo-on-white.png","contentUrl":"https:\/\/akb-construction.com\/wp-content\/uploads\/2025\/10\/AKB-CONSTRUCTION-logo-on-white.png","width":1281,"height":568,"caption":"akb-construction.com"},"image":{"@id":"https:\/\/akb-construction.com\/#\/schema\/logo\/image\/"}}]}},"_links":{"self":[{"href":"https:\/\/akb-construction.com\/lv\/wp-json\/wp\/v2\/pages\/3","targetHints":{"allow":["GET"]}}],"collection":[{"href":"https:\/\/akb-construction.com\/lv\/wp-json\/wp\/v2\/pages"}],"about":[{"href":"https:\/\/akb-construction.com\/lv\/wp-json\/wp\/v2\/types\/page"}],"author":[{"embeddable":true,"href":"https:\/\/akb-construction.com\/lv\/wp-json\/wp\/v2\/users\/1"}],"replies":[{"embeddable":true,"href":"https:\/\/akb-construction.com\/lv\/wp-json\/wp\/v2\/comments?post=3"}],"version-history":[{"count":2,"href":"https:\/\/akb-construction.com\/lv\/wp-json\/wp\/v2\/pages\/3\/revisions"}],"predecessor-version":[{"id":487,"href":"https:\/\/akb-construction.com\/lv\/wp-json\/wp\/v2\/pages\/3\/revisions\/487"}],"wp:attachment":[{"href":"https:\/\/akb-construction.com\/lv\/wp-json\/wp\/v2\/media?parent=3"}],"curies":[{"name":"wp","href":"https:\/\/api.w.org\/{rel}","templated":true}]}}