{"id":2,"date":"2025-10-27T15:07:57","date_gmt":"2025-10-27T15:07:57","guid":{"rendered":"http:\/\/akb-construction.com\/?page_id=2"},"modified":"2025-11-12T20:01:07","modified_gmt":"2025-11-12T20:01:07","slug":"cookiepolicy","status":"publish","type":"page","link":"https:\/\/akb-construction.com\/sv\/cookiepolicy\/","title":{"rendered":"Policy f\u00f6r cookies"},"content":{"rendered":"<div id=\"fws_69e2cdd58d2df\"  data-column-margin=\"default\" data-midnight=\"dark\"  class=\"wpb_row vc_row-fluid vc_row\"  style=\"padding-top: 0px; padding-bottom: 0px; \"><div class=\"row-bg-wrap\" data-bg-animation=\"none\" data-bg-animation-delay=\"\" data-bg-overlay=\"false\"><div class=\"inner-wrap row-bg-layer\" ><div class=\"row-bg viewport-desktop\"  style=\"\"><\/div><\/div><\/div><div class=\"row_col_wrap_12 col span_12 dark left\">\n\t<div  class=\"vc_col-sm-12 wpb_column column_container vc_column_container col no-extra-padding inherit_tablet inherit_phone\"  data-padding-pos=\"all\" data-has-bg-color=\"false\" data-bg-color=\"\" data-bg-opacity=\"1\" data-animation=\"\" data-delay=\"0\" >\n\t\t<div class=\"vc_column-inner\" >\n\t\t\t<div class=\"wpb_wrapper\">\n\t\t\t\t\n<div class=\"wpb_text_column wpb_content_element\" >\n\t<div class=\"wpb_wrapper\">\n\t\t<h1 class=\"moze-justify\">Policy f\u00f6r cookies<\/h1>\n<p class=\"moze-justify\">\u201cCookies\u201d \u00e4r sm\u00e5 informationsbitar som en webbplats lagrar p\u00e5 din dator eller mobila enhet n\u00e4r du bes\u00f6ker en webbplats. Det g\u00f6r att servern kan samla in information fr\u00e5n din webbl\u00e4sare, s\u00e5 att du inte alltid beh\u00f6ver ange uppgifterna p\u00e5 nytt n\u00e4r du \u00e5terv\u00e4nder till webbplatsen. Mer information om hur cookies fungerar finns p\u00e5 <a href=\"http:\/\/cookiecentral.com\/\">cookiecentral.com<\/a>.<\/p>\n<h3 class=\"moze-justify\">Anv\u00e4ndning av cookies<\/h3>\n<p class=\"moze-justify\">V\u00e5r webbplats anv\u00e4nder cookies f\u00f6r att f\u00f6rb\u00e4ttra kvaliteten p\u00e5 de tj\u00e4nster som erbjuds. Vi anv\u00e4nder sessionscookies, permanenta cookies och tredjepartscookies (partnercookies) f\u00f6r att:<\/p>\n<ul>\n<li>kom ih\u00e5g sk\u00e4rminst\u00e4llningarna f\u00f6r din enhet;<\/li>\n<li>komma ih\u00e5g dina \u00e5tg\u00e4rder p\u00e5 webbplatsen (s\u00e5 att du inte ombeds att g\u00f6ra det igen);<\/li>\n<li>komma ih\u00e5g om du har samtyckt till v\u00e5r anv\u00e4ndning av cookies p\u00e5 denna webbplats;<\/li>\n<li>f\u00f6r att skicka dig reklam som b\u00e4st passar dina intressen, f\u00f6r att begr\u00e4nsa antalet g\u00e5nger du ser en annons och f\u00f6r att hj\u00e4lpa till att m\u00e4ta effektiviteten i en reklamkampanj;<\/li>\n<li>samla in tillf\u00f6rlitlig information om webbplatsanv\u00e4ndning som g\u00f6r det m\u00f6jligt f\u00f6r oss att m\u00e4ta hur v\u00e4l webbplatsen uppfyller anv\u00e4ndarnas behov.<\/li>\n<\/ul>\n<p class=\"moze-justify\">Att aktivera dessa cookies \u00e4r inte absolut n\u00f6dv\u00e4ndigt f\u00f6r webbplatsens huvudfunktioner, men det kommer att ge dig en b\u00e4ttre surfupplevelse. Du kan n\u00e4r som helst radera eller blockera dessa cookies, men om du g\u00f6r det kan det h\u00e4nda att vissa funktioner p\u00e5 webbplatsen inte fungerar s\u00e5 bra som avsett.<\/p>\n<p class=\"moze-justify\">Observera att vissa cookies kan placeras av en tredjepartsleverant\u00f6r som utf\u00f6r vissa funktioner f\u00f6r v\u00e5r r\u00e4kning.<\/p>\n<h3 class=\"moze-justify\">Personuppgifter och \u00f6verf\u00f6ring av dessa<\/h3>\n<p class=\"moze-justify\">Informationen som \u00e4r kopplad till cookies anv\u00e4nds inte f\u00f6r att identifiera dig personligen, och de insamlade uppgifterna h\u00e5lls under v\u00e5r kontroll. Dessa cookies anv\u00e4nds inte f\u00f6r n\u00e5gra andra syften \u00e4n de som beskrivs h\u00e4r.<\/p>\n<h3 class=\"moze-justify\">Kontroll av cookies<\/h3>\n<p class=\"moze-justify\">Du kan styra och\/eller radera cookies om du s\u00e5 \u00f6nskar. Du kan radera eller blockera alla cookies som redan finns p\u00e5 din dator, men om du g\u00f6r det kanske vissa funktioner p\u00e5 den h\u00e4r webbplatsen inte fungerar som avsett och du kan beh\u00f6va justera vissa inst\u00e4llningar manuellt varje g\u00e5ng du bes\u00f6ker webbplatsen.<\/p>\n<p class=\"moze-justify\">Du kan acceptera anv\u00e4ndningen av cookies p\u00e5 den h\u00e4r webbplatsen eller v\u00e4lja bort dem och sluta anv\u00e4nda webbplatsen.<\/p>\n<p class=\"moze-justify\">Vi samarbetar med tredje part f\u00f6r att samla in dina aktiviteter p\u00e5 v\u00e5r webbplats i syfte att f\u00f6rb\u00e4ttra v\u00e5ra marknadsf\u00f6ringsinsatser och f\u00f6rse dig med reklam som baseras p\u00e5 ditt bes\u00f6k p\u00e5 v\u00e5r webbplats.<\/p>\n<p class=\"moze-justify\">Du kan v\u00e4lja att l\u00e5ta din information samlas in och anv\u00e4ndas f\u00f6r remarketing\u00e4ndam\u00e5l genom att forts\u00e4tta anv\u00e4nda den h\u00e4r webbplatsen, eller s\u00e5 kan du v\u00e4lja bort och sluta anv\u00e4nda den h\u00e4r webbplatsen.<\/p>\n<h3 class=\"moze-justify\">Delning av personlig information<\/h3>\n<p class=\"moze-justify\">Vi kan g\u00f6ra din personliga information, kundinformation eller aff\u00e4rsinformation tillg\u00e4nglig f\u00f6r f\u00f6retag som tillhandah\u00e5ller tj\u00e4nster f\u00f6r att hj\u00e4lpa oss i v\u00e5r verksamhet, till exempel att tillhandah\u00e5lla webbplatsanalys eller kundservice. Dessa f\u00f6retag \u00e4r beh\u00f6riga att anv\u00e4nda dina personuppgifter och kundinformation endast i den utstr\u00e4ckning som kr\u00e4vs f\u00f6r att tillhandah\u00e5lla oss dessa tj\u00e4nster.<\/p>\n<p class=\"moze-justify\">Vi kommer att dela dina personuppgifter, kund- eller aff\u00e4rsinformation med tredje part endast enligt beskrivningen i denna integritetspolicy. Vi kommer inte att s\u00e4lja din personliga information till tredje part p\u00e5 n\u00e5got s\u00e4tt.<\/p>\n<p>&nbsp;<\/p>\n\t<\/div>\n<\/div>\n\n\n\n\n\t\t\t<\/div> \n\t\t<\/div>\n\t<\/div> \n<\/div><\/div>","protected":false},"excerpt":{"rendered":"Cookie policy \u201cCookies\u201d are small pieces of information that a website stores on your computer or mobile device when you visit a website. It allows the server to collect information...","protected":false},"author":1,"featured_media":0,"parent":0,"menu_order":0,"comment_status":"closed","ping_status":"open","template":"","meta":{"footnotes":""},"class_list":["post-2","page","type-page","status-publish"],"yoast_head":"<!-- This site is optimized with the Yoast SEO plugin v26.4 - https:\/\/yoast.com\/wordpress\/plugins\/seo\/ -->\n<title>Cookie Policy - akb-construction<\/title>\n<meta name=\"robots\" content=\"index, follow, max-snippet:-1, max-image-preview:large, max-video-preview:-1\" \/>\n<link rel=\"canonical\" href=\"https:\/\/akb-construction.com\/sv\/cookiepolicy\/\" \/>\n<meta property=\"og:locale\" content=\"sv_SE\" \/>\n<meta property=\"og:type\" content=\"article\" \/>\n<meta property=\"og:title\" content=\"Cookie Policy - akb-construction\" \/>\n<meta property=\"og:url\" content=\"https:\/\/akb-construction.com\/sv\/cookiepolicy\/\" \/>\n<meta property=\"og:site_name\" content=\"akb-construction\" \/>\n<meta property=\"article:modified_time\" content=\"2025-11-12T20:01:07+00:00\" \/>\n<meta name=\"twitter:card\" content=\"summary_large_image\" \/>\n<meta name=\"twitter:label1\" content=\"Ber\u00e4knad l\u00e4stid\" \/>\n\t<meta name=\"twitter:data1\" content=\"3 minuter\" \/>\n<script type=\"application\/ld+json\" class=\"yoast-schema-graph\">{\"@context\":\"https:\/\/schema.org\",\"@graph\":[{\"@type\":\"WebPage\",\"@id\":\"https:\/\/akb-construction.com\/cookie-policy\/\",\"url\":\"https:\/\/akb-construction.com\/cookie-policy\/\",\"name\":\"Cookie Policy - akb-construction\",\"isPartOf\":{\"@id\":\"https:\/\/akb-construction.com\/#website\"},\"datePublished\":\"2025-10-27T15:07:57+00:00\",\"dateModified\":\"2025-11-12T20:01:07+00:00\",\"breadcrumb\":{\"@id\":\"https:\/\/akb-construction.com\/cookie-policy\/#breadcrumb\"},\"inLanguage\":\"sv-SE\",\"potentialAction\":[{\"@type\":\"ReadAction\",\"target\":[\"https:\/\/akb-construction.com\/cookie-policy\/\"]}]},{\"@type\":\"BreadcrumbList\",\"@id\":\"https:\/\/akb-construction.com\/cookie-policy\/#breadcrumb\",\"itemListElement\":[{\"@type\":\"ListItem\",\"position\":1,\"name\":\"Home\",\"item\":\"https:\/\/akb-construction.com\/\"},{\"@type\":\"ListItem\",\"position\":2,\"name\":\"Cookie Policy\"}]},{\"@type\":\"WebSite\",\"@id\":\"https:\/\/akb-construction.com\/#website\",\"url\":\"https:\/\/akb-construction.com\/\",\"name\":\"akb-construction.com\",\"description\":\"International Tiling Services Company\",\"publisher\":{\"@id\":\"https:\/\/akb-construction.com\/#organization\"},\"potentialAction\":[{\"@type\":\"SearchAction\",\"target\":{\"@type\":\"EntryPoint\",\"urlTemplate\":\"https:\/\/akb-construction.com\/?s={search_term_string}\"},\"query-input\":{\"@type\":\"PropertyValueSpecification\",\"valueRequired\":true,\"valueName\":\"search_term_string\"}}],\"inLanguage\":\"sv-SE\"},{\"@type\":\"Organization\",\"@id\":\"https:\/\/akb-construction.com\/#organization\",\"name\":\"akb-construction.com\",\"alternateName\":\"akb construction\",\"url\":\"https:\/\/akb-construction.com\/\",\"logo\":{\"@type\":\"ImageObject\",\"inLanguage\":\"sv-SE\",\"@id\":\"https:\/\/akb-construction.com\/#\/schema\/logo\/image\/\",\"url\":\"https:\/\/akb-construction.com\/wp-content\/uploads\/2025\/10\/AKB-CONSTRUCTION-logo-on-white.png\",\"contentUrl\":\"https:\/\/akb-construction.com\/wp-content\/uploads\/2025\/10\/AKB-CONSTRUCTION-logo-on-white.png\",\"width\":1281,\"height\":568,\"caption\":\"akb-construction.com\"},\"image\":{\"@id\":\"https:\/\/akb-construction.com\/#\/schema\/logo\/image\/\"}}]}<\/script>\n<!-- \/ Yoast SEO plugin. -->","yoast_head_json":{"title":"Policy f\u00f6r cookies - akb-construction","robots":{"index":"index","follow":"follow","max-snippet":"max-snippet:-1","max-image-preview":"max-image-preview:large","max-video-preview":"max-video-preview:-1"},"canonical":"https:\/\/akb-construction.com\/sv\/cookiepolicy\/","og_locale":"sv_SE","og_type":"article","og_title":"Cookie Policy - akb-construction","og_url":"https:\/\/akb-construction.com\/sv\/cookiepolicy\/","og_site_name":"akb-construction","article_modified_time":"2025-11-12T20:01:07+00:00","twitter_card":"summary_large_image","twitter_misc":{"Ber\u00e4knad l\u00e4stid":"3 minuter"},"schema":{"@context":"https:\/\/schema.org","@graph":[{"@type":"WebPage","@id":"https:\/\/akb-construction.com\/cookie-policy\/","url":"https:\/\/akb-construction.com\/cookie-policy\/","name":"Policy f\u00f6r cookies - akb-construction","isPartOf":{"@id":"https:\/\/akb-construction.com\/#website"},"datePublished":"2025-10-27T15:07:57+00:00","dateModified":"2025-11-12T20:01:07+00:00","breadcrumb":{"@id":"https:\/\/akb-construction.com\/cookie-policy\/#breadcrumb"},"inLanguage":"sv-SE","potentialAction":[{"@type":"ReadAction","target":["https:\/\/akb-construction.com\/cookie-policy\/"]}]},{"@type":"BreadcrumbList","@id":"https:\/\/akb-construction.com\/cookie-policy\/#breadcrumb","itemListElement":[{"@type":"ListItem","position":1,"name":"Home","item":"https:\/\/akb-construction.com\/"},{"@type":"ListItem","position":2,"name":"Cookie Policy"}]},{"@type":"WebSite","@id":"https:\/\/akb-construction.com\/#website","url":"https:\/\/akb-construction.com\/","name":"akb-konstruktion.com","description":"Internationellt f\u00f6retag f\u00f6r platts\u00e4ttningstj\u00e4nster","publisher":{"@id":"https:\/\/akb-construction.com\/#organization"},"potentialAction":[{"@type":"SearchAction","target":{"@type":"EntryPoint","urlTemplate":"https:\/\/akb-construction.com\/?s={search_term_string}"},"query-input":{"@type":"PropertyValueSpecification","valueRequired":true,"valueName":"search_term_string"}}],"inLanguage":"sv-SE"},{"@type":"Organization","@id":"https:\/\/akb-construction.com\/#organization","name":"akb-konstruktion.com","alternateName":"akb construction","url":"https:\/\/akb-construction.com\/","logo":{"@type":"ImageObject","inLanguage":"sv-SE","@id":"https:\/\/akb-construction.com\/#\/schema\/logo\/image\/","url":"https:\/\/akb-construction.com\/wp-content\/uploads\/2025\/10\/AKB-CONSTRUCTION-logo-on-white.png","contentUrl":"https:\/\/akb-construction.com\/wp-content\/uploads\/2025\/10\/AKB-CONSTRUCTION-logo-on-white.png","width":1281,"height":568,"caption":"akb-construction.com"},"image":{"@id":"https:\/\/akb-construction.com\/#\/schema\/logo\/image\/"}}]}},"_links":{"self":[{"href":"https:\/\/akb-construction.com\/sv\/wp-json\/wp\/v2\/pages\/2","targetHints":{"allow":["GET"]}}],"collection":[{"href":"https:\/\/akb-construction.com\/sv\/wp-json\/wp\/v2\/pages"}],"about":[{"href":"https:\/\/akb-construction.com\/sv\/wp-json\/wp\/v2\/types\/page"}],"author":[{"embeddable":true,"href":"https:\/\/akb-construction.com\/sv\/wp-json\/wp\/v2\/users\/1"}],"replies":[{"embeddable":true,"href":"https:\/\/akb-construction.com\/sv\/wp-json\/wp\/v2\/comments?post=2"}],"version-history":[{"count":3,"href":"https:\/\/akb-construction.com\/sv\/wp-json\/wp\/v2\/pages\/2\/revisions"}],"predecessor-version":[{"id":486,"href":"https:\/\/akb-construction.com\/sv\/wp-json\/wp\/v2\/pages\/2\/revisions\/486"}],"wp:attachment":[{"href":"https:\/\/akb-construction.com\/sv\/wp-json\/wp\/v2\/media?parent=2"}],"curies":[{"name":"wp","href":"https:\/\/api.w.org\/{rel}","templated":true}]}}